{"id":77,"date":"2020-12-23T18:01:14","date_gmt":"2020-12-23T17:01:14","guid":{"rendered":"http:\/\/agence-web-de-vos-projets.fr\/?page_id=77"},"modified":"2022-09-09T10:24:06","modified_gmt":"2022-09-09T08:24:06","slug":"a-propos","status":"publish","type":"page","link":"https:\/\/agence-web-de-vos-projets.fr\/?page_id=77","title":{"rendered":"A propos"},"content":{"rendered":"\n<div class=\"wp-block-image\"><figure class=\"aligncenter size-large\"><img loading=\"lazy\" decoding=\"async\" width=\"378\" height=\"59\" src=\"https:\/\/agence-web-de-vos-projets.fr\/wp-content\/uploads\/2022\/09\/innovation-partners-1.png\" alt=\"\" class=\"wp-image-466\" srcset=\"https:\/\/agence-web-de-vos-projets.fr\/wp-content\/uploads\/2022\/09\/innovation-partners-1.png 378w, https:\/\/agence-web-de-vos-projets.fr\/wp-content\/uploads\/2022\/09\/innovation-partners-1-300x47.png 300w\" sizes=\"auto, (max-width: 378px) 100vw, 378px\" \/><\/figure><\/div>\n\n\n\n<p>La soci\u00e9t\u00e9 innovation Partners a \u00e9t\u00e9 cr\u00e9\u00e9e en novembre 1995. D\u00e8s le d\u00e9but, sp\u00e9cialis\u00e9e dans le d\u00e9veloppement de sites web, l&rsquo;entreprise a d\u00e9cid\u00e9 d&rsquo;offrir \u00e0 ses clients des offres globales : cr\u00e9ation de sites internet, h\u00e9bergement web, gestion des noms de domaine, maintenance de sites et prestations informatiques.<\/p>\n\n\n\n<p>Les clients d&rsquo;innovation Partners b\u00e9n\u00e9ficient ainsi pour l&rsquo;ensemble de leurs projets d&rsquo;un seul interlocuteur, d&rsquo;une exp\u00e9rience dans le web de plus de 25 ans et d&rsquo;une adaptabilit\u00e9 \u00e0 tous les besoins.<\/p>\n\n\n\n<p>Nos clients : des industriels, des PME, TPE, artisans, associations et collectivit\u00e9s locales.<\/p>\n\n\n\n<p><\/p>\n\n\n\n<h4 class=\"wp-block-heading\">Pour en savoir plus &#8230;<\/h4>\n\n\n\n<p>Visitez la galaxie innovation Partners :<br>\u2022 <a rel=\"noreferrer noopener\" href=\"https:\/\/www.innopart.com\" target=\"_blank\">Le site web innovation Partners<\/a><br>\u2022 <a rel=\"noreferrer noopener\" href=\"https:\/\/www.rapidoweb.xyz\" target=\"_blank\">Le CMS Rapido WEB<\/a><br>\u2022 <a rel=\"noreferrer noopener\" href=\"https:\/\/www.clicpremium.com\" target=\"_blank\">Le CMS Clic Premium<\/a><br>\u2022 <a href=\"https:\/\/boutique.rapidoweb.xyz\" target=\"_blank\" rel=\"noreferrer noopener\">La boutique Rapido Web<\/a><br>\u2022 <a rel=\"noreferrer noopener\" href=\"https:\/\/kookanet.com\" target=\"_blank\">La boutique Kooka NET<\/a><\/p>\n\n\n\n<p><\/p>\n\n\n\n<h4 class=\"wp-block-heading\">Nos coordonn\u00e9es &#8230;<\/h4>\n\n\n\n<p>\u2022 innovation Partners<br>   <em>28 avenue du Mar\u00e9chal Foch<br>   92260 Fontenay-aux-Roses &#8211; France<\/em><\/p>\n\n\n\n<p>\u2022 T\u00e9l\u00e9phone : <em>33 1.43.50.95.25<\/em><\/p>\n\n\n\n<p>\u2022 Nous contacter : <em><a href=\"http:\/\/agence-web-de-vos-projets.fr\/?page_id=170\">laissez-nous votre message<\/a><\/em>.<\/p>\n","protected":false},"excerpt":{"rendered":"<p>La soci\u00e9t\u00e9 innovation Partners a \u00e9t\u00e9 cr\u00e9\u00e9e en novembre 1995. D\u00e8s le d\u00e9but, sp\u00e9cialis\u00e9e dans le d\u00e9veloppement de sites web, l&rsquo;entreprise a d\u00e9cid\u00e9 d&rsquo;offrir \u00e0 ses clients des offres globales : cr\u00e9ation de sites internet, h\u00e9bergement web, gestion des noms de domaine, maintenance de sites et prestations informatiques. Les clients d&rsquo;innovation Partners b\u00e9n\u00e9ficient ainsi pour [&hellip;]<\/p>\n","protected":false},"author":1,"featured_media":168,"parent":0,"menu_order":0,"comment_status":"closed","ping_status":"closed","template":"","meta":{"footnotes":""},"class_list":["post-77","page","type-page","status-publish","has-post-thumbnail","hentry"],"blocksy_meta":{"styles_descriptor":{"styles":{"desktop":"","tablet":"","mobile":""},"google_fonts":[],"version":6}},"_links":{"self":[{"href":"https:\/\/agence-web-de-vos-projets.fr\/index.php?rest_route=\/wp\/v2\/pages\/77","targetHints":{"allow":["GET"]}}],"collection":[{"href":"https:\/\/agence-web-de-vos-projets.fr\/index.php?rest_route=\/wp\/v2\/pages"}],"about":[{"href":"https:\/\/agence-web-de-vos-projets.fr\/index.php?rest_route=\/wp\/v2\/types\/page"}],"author":[{"embeddable":true,"href":"https:\/\/agence-web-de-vos-projets.fr\/index.php?rest_route=\/wp\/v2\/users\/1"}],"replies":[{"embeddable":true,"href":"https:\/\/agence-web-de-vos-projets.fr\/index.php?rest_route=%2Fwp%2Fv2%2Fcomments&post=77"}],"version-history":[{"count":15,"href":"https:\/\/agence-web-de-vos-projets.fr\/index.php?rest_route=\/wp\/v2\/pages\/77\/revisions"}],"predecessor-version":[{"id":467,"href":"https:\/\/agence-web-de-vos-projets.fr\/index.php?rest_route=\/wp\/v2\/pages\/77\/revisions\/467"}],"wp:featuredmedia":[{"embeddable":true,"href":"https:\/\/agence-web-de-vos-projets.fr\/index.php?rest_route=\/wp\/v2\/media\/168"}],"wp:attachment":[{"href":"https:\/\/agence-web-de-vos-projets.fr\/index.php?rest_route=%2Fwp%2Fv2%2Fmedia&parent=77"}],"curies":[{"name":"wp","href":"https:\/\/api.w.org\/{rel}","templated":true}]}}